{"id":7,"date":"2020-11-04T12:16:09","date_gmt":"2020-11-04T12:16:09","guid":{"rendered":"http:\/\/mydev.capilar.pt\/?page_id=7"},"modified":"2022-11-29T14:33:11","modified_gmt":"2022-11-29T14:33:11","slug":"home","status":"publish","type":"page","link":"https:\/\/stagingcapilar.advancispharma.com\/en\/","title":{"rendered":"Home"},"content":{"rendered":"","protected":false},"excerpt":{"rendered":"","protected":false},"author":1,"featured_media":0,"parent":0,"menu_order":0,"comment_status":"closed","ping_status":"closed","template":"","meta":[],"yoast_head":"<!-- This site is optimized with the Yoast SEO plugin v16.3 - https:\/\/yoast.com\/wordpress\/plugins\/seo\/ -->\n<title>Nutri\u00e7\u00e3o Capilar : A sa\u00fade do seu cabelo | Advancis\u00ae Capilar<\/title>\n<meta name=\"description\" content=\"Confie na nossa Especialista, marque uma an\u00e1lise e comece o programa de nutri\u00e7\u00e3o capilar para um cabelo saud\u00e1vel, com brilho e vitalidade.\" \/>\n<meta name=\"robots\" content=\"index, follow, max-snippet:-1, max-image-preview:large, max-video-preview:-1\" \/>\n<link rel=\"canonical\" href=\"https:\/\/stagingcapilar.advancispharma.com\/en\/\" \/>\n<meta property=\"og:locale\" content=\"en_US\" \/>\n<meta property=\"og:type\" content=\"article\" \/>\n<meta property=\"og:title\" content=\"Nutri\u00e7\u00e3o Capilar : A sa\u00fade do seu cabelo | Advancis\u00ae Capilar\" \/>\n<meta property=\"og:description\" content=\"Confie na nossa Especialista, marque uma an\u00e1lise e comece o programa de nutri\u00e7\u00e3o capilar para um cabelo saud\u00e1vel, com brilho e vitalidade.\" \/>\n<meta property=\"og:url\" content=\"https:\/\/stagingcapilar.advancispharma.com\/en\/\" \/>\n<meta property=\"og:site_name\" content=\"Advancis Capilar Staging\" \/>\n<meta property=\"article:modified_time\" content=\"2022-11-29T14:33:11+00:00\" \/>\n<meta name=\"twitter:card\" content=\"summary_large_image\" \/>\n<script type=\"application\/ld+json\" class=\"yoast-schema-graph\">{\"@context\":\"https:\/\/schema.org\",\"@graph\":[{\"@type\":\"WebSite\",\"@id\":\"https:\/\/stagingcapilar.advancispharma.com\/#website\",\"url\":\"https:\/\/stagingcapilar.advancispharma.com\/\",\"name\":\"Advancis Capilar Staging\",\"description\":\"\",\"potentialAction\":[{\"@type\":\"SearchAction\",\"target\":\"https:\/\/stagingcapilar.advancispharma.com\/?s={search_term_string}\",\"query-input\":\"required name=search_term_string\"}],\"inLanguage\":\"en-US\"},{\"@type\":\"WebPage\",\"@id\":\"https:\/\/stagingcapilar.advancispharma.com\/#webpage\",\"url\":\"https:\/\/stagingcapilar.advancispharma.com\/\",\"name\":\"Nutri\\u00e7\\u00e3o Capilar : A sa\\u00fade do seu cabelo | Advancis\\u00ae Capilar\",\"isPartOf\":{\"@id\":\"https:\/\/stagingcapilar.advancispharma.com\/#website\"},\"datePublished\":\"2020-11-04T12:16:09+00:00\",\"dateModified\":\"2022-11-29T14:33:11+00:00\",\"description\":\"Confie na nossa Especialista, marque uma an\\u00e1lise e comece o programa de nutri\\u00e7\\u00e3o capilar para um cabelo saud\\u00e1vel, com brilho e vitalidade.\",\"breadcrumb\":{\"@id\":\"https:\/\/stagingcapilar.advancispharma.com\/#breadcrumb\"},\"inLanguage\":\"en-US\",\"potentialAction\":[{\"@type\":\"ReadAction\",\"target\":[\"https:\/\/stagingcapilar.advancispharma.com\/\"]}]},{\"@type\":\"BreadcrumbList\",\"@id\":\"https:\/\/stagingcapilar.advancispharma.com\/#breadcrumb\",\"itemListElement\":[{\"@type\":\"ListItem\",\"position\":1,\"item\":{\"@type\":\"WebPage\",\"@id\":\"https:\/\/stagingcapilar.advancispharma.com\/\",\"url\":\"https:\/\/stagingcapilar.advancispharma.com\/\",\"name\":\"In\\u00edcio\"}},{\"@type\":\"ListItem\",\"position\":2,\"item\":{\"@id\":\"https:\/\/stagingcapilar.advancispharma.com\/#webpage\"}}]}]}<\/script>\n<!-- \/ Yoast SEO plugin. -->","_links":{"self":[{"href":"https:\/\/stagingcapilar.advancispharma.com\/en\/wp-json\/wp\/v2\/pages\/7"}],"collection":[{"href":"https:\/\/stagingcapilar.advancispharma.com\/en\/wp-json\/wp\/v2\/pages"}],"about":[{"href":"https:\/\/stagingcapilar.advancispharma.com\/en\/wp-json\/wp\/v2\/types\/page"}],"author":[{"embeddable":true,"href":"https:\/\/stagingcapilar.advancispharma.com\/en\/wp-json\/wp\/v2\/users\/1"}],"replies":[{"embeddable":true,"href":"https:\/\/stagingcapilar.advancispharma.com\/en\/wp-json\/wp\/v2\/comments?post=7"}],"version-history":[{"count":30,"href":"https:\/\/stagingcapilar.advancispharma.com\/en\/wp-json\/wp\/v2\/pages\/7\/revisions"}],"predecessor-version":[{"id":2237,"href":"https:\/\/stagingcapilar.advancispharma.com\/en\/wp-json\/wp\/v2\/pages\/7\/revisions\/2237"}],"wp:attachment":[{"href":"https:\/\/stagingcapilar.advancispharma.com\/en\/wp-json\/wp\/v2\/media?parent=7"}],"curies":[{"name":"wp","href":"https:\/\/api.w.org\/{rel}","templated":true}]}}