{"id":2163,"date":"2022-11-18T17:48:38","date_gmt":"2022-11-18T17:48:38","guid":{"rendered":"https:\/\/stagingcapilar.advancispharma.com\/?post_type=product&#038;p=2163"},"modified":"2023-03-16T11:33:20","modified_gmt":"2023-03-16T11:33:20","slug":"r-fresh","status":"publish","type":"product","link":"https:\/\/stagingcapilar.advancispharma.com\/en\/loja\/product-type\/serums-lotions\/r-fresh\/","title":{"rendered":"ADVANCIS\u00ae CAPILAR R-FRESH"},"content":{"rendered":"","protected":false},"excerpt":{"rendered":"","protected":false},"featured_media":2164,"comment_status":"open","ping_status":"closed","template":"","meta":[],"yoast_head":"<!-- This site is optimized with the Yoast SEO plugin v16.3 - https:\/\/yoast.com\/wordpress\/plugins\/seo\/ -->\n<title>Advancis\u00ae Capilar R-Fresh - S\u00e9rum Refrescante - Advancis\u00ae Capilar<\/title>\n<meta name=\"description\" content=\"Advancis\u00ae Capilar R-Fresh S\u00e9rum Refrescante foi especialmente desenvolvido para o cuidado do cabelo. A sua f\u00f3rmula com \u00f3leos essenciais de menta e eucalipto proporciona uma sensa\u00e7\u00e3o de frescura e conforto.\" \/>\n<meta name=\"robots\" content=\"index, follow, max-snippet:-1, max-image-preview:large, max-video-preview:-1\" \/>\n<link rel=\"canonical\" href=\"https:\/\/stagingcapilar.advancispharma.com\/en\/loja\/product-type\/serums-lotions\/r-fresh\/\" \/>\n<meta property=\"og:locale\" content=\"en_US\" \/>\n<meta property=\"og:type\" content=\"article\" \/>\n<meta property=\"og:title\" content=\"Advancis\u00ae Capilar R-Fresh - S\u00e9rum Refrescante - Advancis\u00ae Capilar\" \/>\n<meta property=\"og:description\" content=\"Advancis\u00ae Capilar R-Fresh S\u00e9rum Refrescante foi especialmente desenvolvido para o cuidado do cabelo. A sua f\u00f3rmula com \u00f3leos essenciais de menta e eucalipto proporciona uma sensa\u00e7\u00e3o de frescura e conforto.\" \/>\n<meta property=\"og:url\" content=\"https:\/\/stagingcapilar.advancispharma.com\/en\/loja\/product-type\/serums-lotions\/r-fresh\/\" \/>\n<meta property=\"og:site_name\" content=\"Advancis Capilar Staging\" \/>\n<meta property=\"article:modified_time\" content=\"2023-03-16T11:33:20+00:00\" \/>\n<meta property=\"og:image\" content=\"https:\/\/stagingcapilar.advancispharma.com\/wp-content\/uploads\/2022\/11\/3D_ADV_CAPILAR-Serum-R-Fresh-site_fundo.png\" \/>\n\t<meta property=\"og:image:width\" content=\"800\" \/>\n\t<meta property=\"og:image:height\" content=\"800\" \/>\n<meta name=\"twitter:card\" content=\"summary_large_image\" \/>\n<script type=\"application\/ld+json\" class=\"yoast-schema-graph\">{\"@context\":\"https:\/\/schema.org\",\"@graph\":[{\"@type\":\"WebSite\",\"@id\":\"https:\/\/stagingcapilar.advancispharma.com\/#website\",\"url\":\"https:\/\/stagingcapilar.advancispharma.com\/\",\"name\":\"Advancis Capilar Staging\",\"description\":\"\",\"potentialAction\":[{\"@type\":\"SearchAction\",\"target\":\"https:\/\/stagingcapilar.advancispharma.com\/?s={search_term_string}\",\"query-input\":\"required name=search_term_string\"}],\"inLanguage\":\"en-US\"},{\"@type\":\"ImageObject\",\"@id\":\"https:\/\/stagingcapilar.advancispharma.com\/loja\/tipo-de-produto\/seruns-locoes\/r-fresh\/#primaryimage\",\"inLanguage\":\"en-US\",\"url\":\"https:\/\/stagingcapilar.advancispharma.com\/wp-content\/uploads\/2022\/11\/3D_ADV_CAPILAR-Serum-R-Fresh-site_fundo.png\",\"contentUrl\":\"https:\/\/stagingcapilar.advancispharma.com\/wp-content\/uploads\/2022\/11\/3D_ADV_CAPILAR-Serum-R-Fresh-site_fundo.png\",\"width\":800,\"height\":800,\"caption\":\"Advancis R-fresh\"},{\"@type\":\"WebPage\",\"@id\":\"https:\/\/stagingcapilar.advancispharma.com\/loja\/tipo-de-produto\/seruns-locoes\/r-fresh\/#webpage\",\"url\":\"https:\/\/stagingcapilar.advancispharma.com\/loja\/tipo-de-produto\/seruns-locoes\/r-fresh\/\",\"name\":\"Advancis\\u00ae Capilar R-Fresh - S\\u00e9rum Refrescante - Advancis\\u00ae Capilar\",\"isPartOf\":{\"@id\":\"https:\/\/stagingcapilar.advancispharma.com\/#website\"},\"primaryImageOfPage\":{\"@id\":\"https:\/\/stagingcapilar.advancispharma.com\/loja\/tipo-de-produto\/seruns-locoes\/r-fresh\/#primaryimage\"},\"datePublished\":\"2022-11-18T17:48:38+00:00\",\"dateModified\":\"2023-03-16T11:33:20+00:00\",\"description\":\"Advancis\\u00ae Capilar R-Fresh S\\u00e9rum Refrescante foi especialmente desenvolvido para o cuidado do cabelo. A sua f\\u00f3rmula com \\u00f3leos essenciais de menta e eucalipto proporciona uma sensa\\u00e7\\u00e3o de frescura e conforto.\",\"breadcrumb\":{\"@id\":\"https:\/\/stagingcapilar.advancispharma.com\/loja\/tipo-de-produto\/seruns-locoes\/r-fresh\/#breadcrumb\"},\"inLanguage\":\"en-US\",\"potentialAction\":[{\"@type\":\"ReadAction\",\"target\":[\"https:\/\/stagingcapilar.advancispharma.com\/loja\/tipo-de-produto\/seruns-locoes\/r-fresh\/\"]}]},{\"@type\":\"BreadcrumbList\",\"@id\":\"https:\/\/stagingcapilar.advancispharma.com\/loja\/tipo-de-produto\/seruns-locoes\/r-fresh\/#breadcrumb\",\"itemListElement\":[{\"@type\":\"ListItem\",\"position\":1,\"item\":{\"@type\":\"WebPage\",\"@id\":\"https:\/\/stagingcapilar.advancispharma.com\/\",\"url\":\"https:\/\/stagingcapilar.advancispharma.com\/\",\"name\":\"In\\u00edcio\"}},{\"@type\":\"ListItem\",\"position\":2,\"item\":{\"@type\":\"WebPage\",\"@id\":\"https:\/\/stagingcapilar.advancispharma.com\/loja\/\",\"url\":\"https:\/\/stagingcapilar.advancispharma.com\/loja\/\",\"name\":\"Loja\"}},{\"@type\":\"ListItem\",\"position\":3,\"item\":{\"@id\":\"https:\/\/stagingcapilar.advancispharma.com\/loja\/tipo-de-produto\/seruns-locoes\/r-fresh\/#webpage\"}}]}]}<\/script>\n<!-- \/ Yoast SEO plugin. -->","_links":{"self":[{"href":"https:\/\/stagingcapilar.advancispharma.com\/en\/wp-json\/wp\/v2\/product\/2163"}],"collection":[{"href":"https:\/\/stagingcapilar.advancispharma.com\/en\/wp-json\/wp\/v2\/product"}],"about":[{"href":"https:\/\/stagingcapilar.advancispharma.com\/en\/wp-json\/wp\/v2\/types\/product"}],"replies":[{"embeddable":true,"href":"https:\/\/stagingcapilar.advancispharma.com\/en\/wp-json\/wp\/v2\/comments?post=2163"}],"wp:featuredmedia":[{"embeddable":true,"href":"https:\/\/stagingcapilar.advancispharma.com\/en\/wp-json\/wp\/v2\/media\/2164"}],"wp:attachment":[{"href":"https:\/\/stagingcapilar.advancispharma.com\/en\/wp-json\/wp\/v2\/media?parent=2163"}],"curies":[{"name":"wp","href":"https:\/\/api.w.org\/{rel}","templated":true}]}}