{"id":272,"date":"2021-01-05T17:20:04","date_gmt":"2021-01-05T17:20:04","guid":{"rendered":"https:\/\/stagingcapilar.advancispharma.com\/?post_type=product&#038;p=272"},"modified":"2022-11-24T11:20:33","modified_gmt":"2022-11-24T11:20:33","slug":"essencial","status":"publish","type":"product","link":"https:\/\/stagingcapilar.advancispharma.com\/en\/loja\/product-type\/supplements\/advancis-capilar-essential\/","title":{"rendered":"ADVANCIS\u00ae CAPILAR ESSENTIAL"},"content":{"rendered":"","protected":false},"excerpt":{"rendered":"","protected":false},"featured_media":1858,"comment_status":"closed","ping_status":"closed","template":"","meta":[],"yoast_head":"<!-- This site is optimized with the Yoast SEO plugin v16.3 - https:\/\/yoast.com\/wordpress\/plugins\/seo\/ -->\n<title>Suplementos Alimentares - Advancis Capilar Essencial | Advancis Capilar<\/title>\n<meta name=\"description\" content=\"Descubra Advancis\u00ae Capilar Essencial para cabelo, pele e unhas. Com um sabor agrad\u00e1vel, facilmente sol\u00favel e r\u00e1pida absor\u00e7\u00e3o.\" \/>\n<meta name=\"robots\" content=\"index, follow, max-snippet:-1, max-image-preview:large, max-video-preview:-1\" \/>\n<link rel=\"canonical\" href=\"https:\/\/stagingcapilar.advancispharma.com\/en\/loja\/product-type\/supplements\/advancis-capilar-essential\/\" \/>\n<meta property=\"og:locale\" content=\"en_US\" \/>\n<meta property=\"og:type\" content=\"article\" \/>\n<meta property=\"og:title\" content=\"Suplementos Alimentares - Advancis Capilar Essencial | Advancis Capilar\" \/>\n<meta property=\"og:description\" content=\"Descubra Advancis\u00ae Capilar Essencial para cabelo, pele e unhas. Com um sabor agrad\u00e1vel, facilmente sol\u00favel e r\u00e1pida absor\u00e7\u00e3o.\" \/>\n<meta property=\"og:url\" content=\"https:\/\/stagingcapilar.advancispharma.com\/en\/loja\/product-type\/supplements\/advancis-capilar-essential\/\" \/>\n<meta property=\"og:site_name\" content=\"Advancis Capilar Staging\" \/>\n<meta property=\"article:modified_time\" content=\"2022-11-24T11:20:33+00:00\" \/>\n<meta property=\"og:image\" content=\"https:\/\/stagingcapilar.advancispharma.com\/wp-content\/uploads\/2021\/01\/Thumbnail-CAPILAR-ESSENCIAL-gama-2.jpg\" \/>\n\t<meta property=\"og:image:width\" content=\"1000\" \/>\n\t<meta property=\"og:image:height\" content=\"1000\" \/>\n<meta name=\"twitter:card\" content=\"summary_large_image\" \/>\n<script type=\"application\/ld+json\" class=\"yoast-schema-graph\">{\"@context\":\"https:\/\/schema.org\",\"@graph\":[{\"@type\":\"WebSite\",\"@id\":\"https:\/\/stagingcapilar.advancispharma.com\/#website\",\"url\":\"https:\/\/stagingcapilar.advancispharma.com\/\",\"name\":\"Advancis Capilar Staging\",\"description\":\"\",\"potentialAction\":[{\"@type\":\"SearchAction\",\"target\":\"https:\/\/stagingcapilar.advancispharma.com\/?s={search_term_string}\",\"query-input\":\"required name=search_term_string\"}],\"inLanguage\":\"en-US\"},{\"@type\":\"ImageObject\",\"@id\":\"https:\/\/stagingcapilar.advancispharma.com\/loja\/tipo-de-produto\/suplementos\/essencial\/#primaryimage\",\"inLanguage\":\"en-US\",\"url\":\"https:\/\/stagingcapilar.advancispharma.com\/wp-content\/uploads\/2021\/01\/Thumbnail-CAPILAR-ESSENCIAL-gama-2.jpg\",\"contentUrl\":\"https:\/\/stagingcapilar.advancispharma.com\/wp-content\/uploads\/2021\/01\/Thumbnail-CAPILAR-ESSENCIAL-gama-2.jpg\",\"width\":1000,\"height\":1000,\"caption\":\"CAPILAR ESSENCIAL gama\"},{\"@type\":\"WebPage\",\"@id\":\"https:\/\/stagingcapilar.advancispharma.com\/loja\/tipo-de-produto\/suplementos\/essencial\/#webpage\",\"url\":\"https:\/\/stagingcapilar.advancispharma.com\/loja\/tipo-de-produto\/suplementos\/essencial\/\",\"name\":\"Suplementos Alimentares - Advancis Capilar Essencial | Advancis Capilar\",\"isPartOf\":{\"@id\":\"https:\/\/stagingcapilar.advancispharma.com\/#website\"},\"primaryImageOfPage\":{\"@id\":\"https:\/\/stagingcapilar.advancispharma.com\/loja\/tipo-de-produto\/suplementos\/essencial\/#primaryimage\"},\"datePublished\":\"2021-01-05T17:20:04+00:00\",\"dateModified\":\"2022-11-24T11:20:33+00:00\",\"description\":\"Descubra Advancis\\u00ae Capilar Essencial para cabelo, pele e unhas. Com um sabor agrad\\u00e1vel, facilmente sol\\u00favel e r\\u00e1pida absor\\u00e7\\u00e3o.\",\"breadcrumb\":{\"@id\":\"https:\/\/stagingcapilar.advancispharma.com\/loja\/tipo-de-produto\/suplementos\/essencial\/#breadcrumb\"},\"inLanguage\":\"en-US\",\"potentialAction\":[{\"@type\":\"ReadAction\",\"target\":[\"https:\/\/stagingcapilar.advancispharma.com\/loja\/tipo-de-produto\/suplementos\/essencial\/\"]}]},{\"@type\":\"BreadcrumbList\",\"@id\":\"https:\/\/stagingcapilar.advancispharma.com\/loja\/tipo-de-produto\/suplementos\/essencial\/#breadcrumb\",\"itemListElement\":[{\"@type\":\"ListItem\",\"position\":1,\"item\":{\"@type\":\"WebPage\",\"@id\":\"https:\/\/stagingcapilar.advancispharma.com\/\",\"url\":\"https:\/\/stagingcapilar.advancispharma.com\/\",\"name\":\"In\\u00edcio\"}},{\"@type\":\"ListItem\",\"position\":2,\"item\":{\"@type\":\"WebPage\",\"@id\":\"https:\/\/stagingcapilar.advancispharma.com\/loja\/\",\"url\":\"https:\/\/stagingcapilar.advancispharma.com\/loja\/\",\"name\":\"Loja\"}},{\"@type\":\"ListItem\",\"position\":3,\"item\":{\"@id\":\"https:\/\/stagingcapilar.advancispharma.com\/loja\/tipo-de-produto\/suplementos\/essencial\/#webpage\"}}]}]}<\/script>\n<!-- \/ Yoast SEO plugin. -->","_links":{"self":[{"href":"https:\/\/stagingcapilar.advancispharma.com\/en\/wp-json\/wp\/v2\/product\/272"}],"collection":[{"href":"https:\/\/stagingcapilar.advancispharma.com\/en\/wp-json\/wp\/v2\/product"}],"about":[{"href":"https:\/\/stagingcapilar.advancispharma.com\/en\/wp-json\/wp\/v2\/types\/product"}],"replies":[{"embeddable":true,"href":"https:\/\/stagingcapilar.advancispharma.com\/en\/wp-json\/wp\/v2\/comments?post=272"}],"wp:featuredmedia":[{"embeddable":true,"href":"https:\/\/stagingcapilar.advancispharma.com\/en\/wp-json\/wp\/v2\/media\/1858"}],"wp:attachment":[{"href":"https:\/\/stagingcapilar.advancispharma.com\/en\/wp-json\/wp\/v2\/media?parent=272"}],"curies":[{"name":"wp","href":"https:\/\/api.w.org\/{rel}","templated":true}]}}