{"id":296,"date":"2021-01-05T18:09:33","date_gmt":"2021-01-05T18:09:33","guid":{"rendered":"https:\/\/stagingcapilar.advancispharma.com\/?post_type=product&#038;p=296"},"modified":"2022-11-24T14:32:45","modified_gmt":"2022-11-24T14:32:45","slug":"sensitiv","status":"publish","type":"product","link":"https:\/\/stagingcapilar.advancispharma.com\/en\/loja\/product-type\/shampoos\/sensitiv\/","title":{"rendered":"ADVANCIS\u00ae CAPILAR SENSITIV SHAMPOO"},"content":{"rendered":"","protected":false},"excerpt":{"rendered":"","protected":false},"featured_media":318,"comment_status":"closed","ping_status":"closed","template":"","meta":[],"yoast_head":"<!-- This site is optimized with the Yoast SEO plugin v16.3 - https:\/\/yoast.com\/wordpress\/plugins\/seo\/ -->\n<title>Champ\u00f4s - Advancis Capilar Sensitiv | Advancis\u00ae Capilar<\/title>\n<meta name=\"description\" content=\"Cuide, proteja e d\u00ea suavidade ao seu couro cabeludo. Conhe\u00e7a o champ\u00f4 Advancis\u00ae Capilar Sensitiv para o seu m\u00e1ximo conforto.\" \/>\n<meta name=\"robots\" content=\"index, follow, max-snippet:-1, max-image-preview:large, max-video-preview:-1\" \/>\n<link rel=\"canonical\" href=\"https:\/\/stagingcapilar.advancispharma.com\/en\/loja\/product-type\/shampoos\/sensitiv\/\" \/>\n<meta property=\"og:locale\" content=\"en_US\" \/>\n<meta property=\"og:type\" content=\"article\" \/>\n<meta property=\"og:title\" content=\"Champ\u00f4s - Advancis Capilar Sensitiv | Advancis\u00ae Capilar\" \/>\n<meta property=\"og:description\" content=\"Cuide, proteja e d\u00ea suavidade ao seu couro cabeludo. Conhe\u00e7a o champ\u00f4 Advancis\u00ae Capilar Sensitiv para o seu m\u00e1ximo conforto.\" \/>\n<meta property=\"og:url\" content=\"https:\/\/stagingcapilar.advancispharma.com\/en\/loja\/product-type\/shampoos\/sensitiv\/\" \/>\n<meta property=\"og:site_name\" content=\"Advancis Capilar Staging\" \/>\n<meta property=\"article:modified_time\" content=\"2022-11-24T14:32:45+00:00\" \/>\n<meta property=\"og:image\" content=\"https:\/\/stagingcapilar.advancispharma.com\/wp-content\/uploads\/2021\/01\/Thumbnail-CAPILAR-SENSITIVE.jpg\" \/>\n\t<meta property=\"og:image:width\" content=\"1000\" \/>\n\t<meta property=\"og:image:height\" content=\"1000\" \/>\n<meta name=\"twitter:card\" content=\"summary_large_image\" \/>\n<script type=\"application\/ld+json\" class=\"yoast-schema-graph\">{\"@context\":\"https:\/\/schema.org\",\"@graph\":[{\"@type\":\"WebSite\",\"@id\":\"https:\/\/stagingcapilar.advancispharma.com\/#website\",\"url\":\"https:\/\/stagingcapilar.advancispharma.com\/\",\"name\":\"Advancis Capilar Staging\",\"description\":\"\",\"potentialAction\":[{\"@type\":\"SearchAction\",\"target\":\"https:\/\/stagingcapilar.advancispharma.com\/?s={search_term_string}\",\"query-input\":\"required name=search_term_string\"}],\"inLanguage\":\"en-US\"},{\"@type\":\"ImageObject\",\"@id\":\"https:\/\/stagingcapilar.advancispharma.com\/loja\/tipo-de-produto\/champos\/sensitiv\/#primaryimage\",\"inLanguage\":\"en-US\",\"url\":\"https:\/\/stagingcapilar.advancispharma.com\/wp-content\/uploads\/2021\/01\/Thumbnail-CAPILAR-SENSITIVE.jpg\",\"contentUrl\":\"https:\/\/stagingcapilar.advancispharma.com\/wp-content\/uploads\/2021\/01\/Thumbnail-CAPILAR-SENSITIVE.jpg\",\"width\":1000,\"height\":1000},{\"@type\":\"WebPage\",\"@id\":\"https:\/\/stagingcapilar.advancispharma.com\/loja\/tipo-de-produto\/champos\/sensitiv\/#webpage\",\"url\":\"https:\/\/stagingcapilar.advancispharma.com\/loja\/tipo-de-produto\/champos\/sensitiv\/\",\"name\":\"Champ\\u00f4s - Advancis Capilar Sensitiv | Advancis\\u00ae Capilar\",\"isPartOf\":{\"@id\":\"https:\/\/stagingcapilar.advancispharma.com\/#website\"},\"primaryImageOfPage\":{\"@id\":\"https:\/\/stagingcapilar.advancispharma.com\/loja\/tipo-de-produto\/champos\/sensitiv\/#primaryimage\"},\"datePublished\":\"2021-01-05T18:09:33+00:00\",\"dateModified\":\"2022-11-24T14:32:45+00:00\",\"description\":\"Cuide, proteja e d\\u00ea suavidade ao seu couro cabeludo. Conhe\\u00e7a o champ\\u00f4 Advancis\\u00ae Capilar Sensitiv para o seu m\\u00e1ximo conforto.\",\"breadcrumb\":{\"@id\":\"https:\/\/stagingcapilar.advancispharma.com\/loja\/tipo-de-produto\/champos\/sensitiv\/#breadcrumb\"},\"inLanguage\":\"en-US\",\"potentialAction\":[{\"@type\":\"ReadAction\",\"target\":[\"https:\/\/stagingcapilar.advancispharma.com\/loja\/tipo-de-produto\/champos\/sensitiv\/\"]}]},{\"@type\":\"BreadcrumbList\",\"@id\":\"https:\/\/stagingcapilar.advancispharma.com\/loja\/tipo-de-produto\/champos\/sensitiv\/#breadcrumb\",\"itemListElement\":[{\"@type\":\"ListItem\",\"position\":1,\"item\":{\"@type\":\"WebPage\",\"@id\":\"https:\/\/stagingcapilar.advancispharma.com\/\",\"url\":\"https:\/\/stagingcapilar.advancispharma.com\/\",\"name\":\"In\\u00edcio\"}},{\"@type\":\"ListItem\",\"position\":2,\"item\":{\"@type\":\"WebPage\",\"@id\":\"https:\/\/stagingcapilar.advancispharma.com\/loja\/\",\"url\":\"https:\/\/stagingcapilar.advancispharma.com\/loja\/\",\"name\":\"Loja\"}},{\"@type\":\"ListItem\",\"position\":3,\"item\":{\"@id\":\"https:\/\/stagingcapilar.advancispharma.com\/loja\/tipo-de-produto\/champos\/sensitiv\/#webpage\"}}]}]}<\/script>\n<!-- \/ Yoast SEO plugin. -->","_links":{"self":[{"href":"https:\/\/stagingcapilar.advancispharma.com\/en\/wp-json\/wp\/v2\/product\/296"}],"collection":[{"href":"https:\/\/stagingcapilar.advancispharma.com\/en\/wp-json\/wp\/v2\/product"}],"about":[{"href":"https:\/\/stagingcapilar.advancispharma.com\/en\/wp-json\/wp\/v2\/types\/product"}],"replies":[{"embeddable":true,"href":"https:\/\/stagingcapilar.advancispharma.com\/en\/wp-json\/wp\/v2\/comments?post=296"}],"wp:featuredmedia":[{"embeddable":true,"href":"https:\/\/stagingcapilar.advancispharma.com\/en\/wp-json\/wp\/v2\/media\/318"}],"wp:attachment":[{"href":"https:\/\/stagingcapilar.advancispharma.com\/en\/wp-json\/wp\/v2\/media?parent=296"}],"curies":[{"name":"wp","href":"https:\/\/api.w.org\/{rel}","templated":true}]}}