{"id":297,"date":"2021-01-05T18:10:12","date_gmt":"2021-01-05T18:10:12","guid":{"rendered":"https:\/\/stagingcapilar.advancispharma.com\/?post_type=product&#038;p=297"},"modified":"2022-11-24T14:33:57","modified_gmt":"2022-11-24T14:33:57","slug":"sebum","status":"publish","type":"product","link":"https:\/\/stagingcapilar.advancispharma.com\/en\/loja\/product-type\/shampoos\/sebum\/","title":{"rendered":"ADVANCIS\u00ae CAPILAR SEBUM SHAMPOO"},"content":{"rendered":"","protected":false},"excerpt":{"rendered":"","protected":false},"featured_media":317,"comment_status":"closed","ping_status":"closed","template":"","meta":[],"yoast_head":"<!-- This site is optimized with the Yoast SEO plugin v16.3 - https:\/\/yoast.com\/wordpress\/plugins\/seo\/ -->\n<title>Champ\u00f4s - Advancis Capilar Sebum | Advancis Capilar<\/title>\n<meta name=\"description\" content=\"Advancis Capilar Sebum \u00e9 um champ\u00f4 desenvolvido para cabelos com tend\u00eancia para a oleosidade. Saiba mais sobre a sua f\u00f3rmula.\" \/>\n<meta name=\"robots\" content=\"index, follow, max-snippet:-1, max-image-preview:large, max-video-preview:-1\" \/>\n<link rel=\"canonical\" href=\"https:\/\/stagingcapilar.advancispharma.com\/en\/loja\/product-type\/shampoos\/sebum\/\" \/>\n<meta property=\"og:locale\" content=\"en_US\" \/>\n<meta property=\"og:type\" content=\"article\" \/>\n<meta property=\"og:title\" content=\"Champ\u00f4s - Advancis Capilar Sebum | Advancis Capilar\" \/>\n<meta property=\"og:description\" content=\"Advancis Capilar Sebum \u00e9 um champ\u00f4 desenvolvido para cabelos com tend\u00eancia para a oleosidade. Saiba mais sobre a sua f\u00f3rmula.\" \/>\n<meta property=\"og:url\" content=\"https:\/\/stagingcapilar.advancispharma.com\/en\/loja\/product-type\/shampoos\/sebum\/\" \/>\n<meta property=\"og:site_name\" content=\"Advancis Capilar Staging\" \/>\n<meta property=\"article:modified_time\" content=\"2022-11-24T14:33:57+00:00\" \/>\n<meta property=\"og:image\" content=\"https:\/\/stagingcapilar.advancispharma.com\/wp-content\/uploads\/2021\/01\/Thumbnail-CAPILAR-SEBUM.jpg\" \/>\n\t<meta property=\"og:image:width\" content=\"1000\" \/>\n\t<meta property=\"og:image:height\" content=\"1000\" \/>\n<meta name=\"twitter:card\" content=\"summary_large_image\" \/>\n<script type=\"application\/ld+json\" class=\"yoast-schema-graph\">{\"@context\":\"https:\/\/schema.org\",\"@graph\":[{\"@type\":\"WebSite\",\"@id\":\"https:\/\/stagingcapilar.advancispharma.com\/#website\",\"url\":\"https:\/\/stagingcapilar.advancispharma.com\/\",\"name\":\"Advancis Capilar Staging\",\"description\":\"\",\"potentialAction\":[{\"@type\":\"SearchAction\",\"target\":\"https:\/\/stagingcapilar.advancispharma.com\/?s={search_term_string}\",\"query-input\":\"required name=search_term_string\"}],\"inLanguage\":\"en-US\"},{\"@type\":\"ImageObject\",\"@id\":\"https:\/\/stagingcapilar.advancispharma.com\/loja\/tipo-de-produto\/champos\/sebum\/#primaryimage\",\"inLanguage\":\"en-US\",\"url\":\"https:\/\/stagingcapilar.advancispharma.com\/wp-content\/uploads\/2021\/01\/Thumbnail-CAPILAR-SEBUM.jpg\",\"contentUrl\":\"https:\/\/stagingcapilar.advancispharma.com\/wp-content\/uploads\/2021\/01\/Thumbnail-CAPILAR-SEBUM.jpg\",\"width\":1000,\"height\":1000},{\"@type\":\"WebPage\",\"@id\":\"https:\/\/stagingcapilar.advancispharma.com\/loja\/tipo-de-produto\/champos\/sebum\/#webpage\",\"url\":\"https:\/\/stagingcapilar.advancispharma.com\/loja\/tipo-de-produto\/champos\/sebum\/\",\"name\":\"Champ\\u00f4s - Advancis Capilar Sebum | Advancis Capilar\",\"isPartOf\":{\"@id\":\"https:\/\/stagingcapilar.advancispharma.com\/#website\"},\"primaryImageOfPage\":{\"@id\":\"https:\/\/stagingcapilar.advancispharma.com\/loja\/tipo-de-produto\/champos\/sebum\/#primaryimage\"},\"datePublished\":\"2021-01-05T18:10:12+00:00\",\"dateModified\":\"2022-11-24T14:33:57+00:00\",\"description\":\"Advancis Capilar Sebum \\u00e9 um champ\\u00f4 desenvolvido para cabelos com tend\\u00eancia para a oleosidade. Saiba mais sobre a sua f\\u00f3rmula.\",\"breadcrumb\":{\"@id\":\"https:\/\/stagingcapilar.advancispharma.com\/loja\/tipo-de-produto\/champos\/sebum\/#breadcrumb\"},\"inLanguage\":\"en-US\",\"potentialAction\":[{\"@type\":\"ReadAction\",\"target\":[\"https:\/\/stagingcapilar.advancispharma.com\/loja\/tipo-de-produto\/champos\/sebum\/\"]}]},{\"@type\":\"BreadcrumbList\",\"@id\":\"https:\/\/stagingcapilar.advancispharma.com\/loja\/tipo-de-produto\/champos\/sebum\/#breadcrumb\",\"itemListElement\":[{\"@type\":\"ListItem\",\"position\":1,\"item\":{\"@type\":\"WebPage\",\"@id\":\"https:\/\/stagingcapilar.advancispharma.com\/\",\"url\":\"https:\/\/stagingcapilar.advancispharma.com\/\",\"name\":\"In\\u00edcio\"}},{\"@type\":\"ListItem\",\"position\":2,\"item\":{\"@type\":\"WebPage\",\"@id\":\"https:\/\/stagingcapilar.advancispharma.com\/loja\/\",\"url\":\"https:\/\/stagingcapilar.advancispharma.com\/loja\/\",\"name\":\"Loja\"}},{\"@type\":\"ListItem\",\"position\":3,\"item\":{\"@id\":\"https:\/\/stagingcapilar.advancispharma.com\/loja\/tipo-de-produto\/champos\/sebum\/#webpage\"}}]}]}<\/script>\n<!-- \/ Yoast SEO plugin. -->","_links":{"self":[{"href":"https:\/\/stagingcapilar.advancispharma.com\/en\/wp-json\/wp\/v2\/product\/297"}],"collection":[{"href":"https:\/\/stagingcapilar.advancispharma.com\/en\/wp-json\/wp\/v2\/product"}],"about":[{"href":"https:\/\/stagingcapilar.advancispharma.com\/en\/wp-json\/wp\/v2\/types\/product"}],"replies":[{"embeddable":true,"href":"https:\/\/stagingcapilar.advancispharma.com\/en\/wp-json\/wp\/v2\/comments?post=297"}],"wp:featuredmedia":[{"embeddable":true,"href":"https:\/\/stagingcapilar.advancispharma.com\/en\/wp-json\/wp\/v2\/media\/317"}],"wp:attachment":[{"href":"https:\/\/stagingcapilar.advancispharma.com\/en\/wp-json\/wp\/v2\/media?parent=297"}],"curies":[{"name":"wp","href":"https:\/\/api.w.org\/{rel}","templated":true}]}}